{"id":16121,"date":"2017-09-25T12:10:34","date_gmt":"2017-09-25T12:10:34","guid":{"rendered":"https:\/\/jenniferroochnaiobis.com\/?page_id=16121"},"modified":"2018-01-07T20:16:39","modified_gmt":"2018-01-07T20:16:39","slug":"alternativa-3","status":"publish","type":"page","link":"https:\/\/jenniferroochnaiobis.com\/","title":{"rendered":"Inicio ok"},"content":{"rendered":"<p>[vc_row css_animation=\u00bb\u00bb row_type=\u00bbrow\u00bb use_row_as_full_screen_section=\u00bbyes\u00bb type=\u00bbgrid\u00bb angled_section=\u00bbno\u00bb text_align=\u00bbleft\u00bb background_image_as_pattern=\u00bbwithout_pattern\u00bb background_color=\u00bb#f0f0f0&#8243; padding_top=\u00bb87&#8243; padding_bottom=\u00bb34&#8243;][vc_column][vc_separator type=\u00bbtransparent\u00bb up=\u00bb-35&#8243; down=\u00bb0&#8243;][vc_column_text]<\/p>\n<h4 style=\"text-align: justify;\">\u201cCreo que es importante que el artista vuelva a ser mensajero. En tiempos pasados los artistas eran los curanderos del pueblo. Hoy en d\u00eda es muy necesario conectar con un arte m\u00e1s all\u00e1 de lo decorativo y\/o realista. Con mi arte intento inspirar a otros a mirar m\u00e1s all\u00e1 de lo que vemos y volver a conectar con una sabiduria que est\u00e1 presente en cada uno de nosotros.\u00bb<\/h4>\n<h4><\/h4>\n<p>[\/vc_column_text][vc_empty_space height=\u00bb10px\u00bb][vc_empty_space height=\u00bb30px\u00bb]<\/p>\n<p style=\"text-align: center;\"><a  itemprop=\"url\" href=\"https:\/\/jenniferroochnaiobis.com\/index.php\/soy\/\" target=\"_blank\"  class=\"qbutton  default\" style=\"\">YO SOY<\/a><\/p>\n<p>[\/vc_column][\/vc_row][vc_row css_animation=\u00bb\u00bb row_type=\u00bbrow\u00bb use_row_as_full_screen_section=\u00bbno\u00bb type=\u00bbfull_width\u00bb anchor=\u00bbgallery\u00bb angled_section=\u00bbno\u00bb text_align=\u00bbcenter\u00bb background_image_as_pattern=\u00bbwithout_pattern\u00bb][vc_column width=\u00bb2\/3&#8243;][vc_empty_space height=\u00bb40px\u00bb][vc_empty_space][vc_column_text]<\/p>\n<h2 style=\"text-align: center;\">DICEN SOBRE MI ARTE&#8230;<\/h2>\n<p>[\/vc_column_text][vc_separator type=\u00bbsmall\u00bb position=\u00bbcenter\u00bb color=\u00bb#2f666b\u00bb up=\u00bb7&#8243; down=\u00bb45&#8243;]<div class='testimonials_c_holder clearfix dark'><div class=\"testimonials_c testimonials_c_carousel\" data-show-navigation=\"yes\" data-animation-speed=\"\" data-auto-rotate-slides=\"5\" data-number-per-slide=\"1\"><ul class=\"slides\"><li id=\"testimonials-c-15873\" class=\"testimonial_content\"><div class=\"testimonial_content_inner\"><div class=\"testimonial_text_holder\"><div class=\"testimonial_text_inner\" style=\"\"><p>Creo que tus pinturas son hermosas y hablan por si mismas!!!!  Felicitaciones!! Abrazos y besos<\/p><p class=\"testimonial_author\" style=\"font-weight: 600;font-size: 20px;\">Abuela Margarita<\/p><\/div><\/div><\/div><\/li><li id=\"testimonials-c-15633\" class=\"testimonial_content\"><div class=\"testimonial_content_inner\"><div class=\"testimonial_text_holder\"><div class=\"testimonial_text_inner\" style=\"\"><p>\"Me encanta el trabajo de Jennifer RoochNaiobis, ilustr\u00f3 en un hermosa imagen la oraci\u00f3n del fuego de las mujeres y me pareci\u00f3 precioso, es una gran artista\"<\/p><p class=\"testimonial_author\" style=\"font-weight: 600;font-size: 20px;\"> Marianna Garcia Legar (Arboleda de Gaia Fuego de las Mujeres)<\/p><\/div><\/div><\/div><\/li><li id=\"testimonials-c-15638\" class=\"testimonial_content\"><div class=\"testimonial_content_inner\"><div class=\"testimonial_text_holder\"><div class=\"testimonial_text_inner\" style=\"\"><p>Jennifer es una enlazadora de mundos entre la Mente Humana y el Alma Multiversal. Ha conseguido algo que muy pocos artistas logran hoy en d\u00eda: evocar lo Sagrado en nuestro Coraz\u00f3n. Contemplar sus pinturas es un Viaje Sagrado que nos adentra al misterioso mundo de los Arquetipos del Esp\u00edritu.<\/p><p class=\"testimonial_author\" style=\"font-weight: 600;font-size: 20px;\">Nayum al-Masir (Escritor, poeta, artista)<\/p><\/div><\/div><\/div><\/li><\/ul><\/div><\/div>[\/vc_column][vc_column width=\u00bb1\/3&#8243;][vc_empty_space height=\u00bb62px\u00bb][vc_empty_space][vc_empty_space][vc_gallery type=\u00bbflexslider_slide\u00bb interval=\u00bb5&#8243; images=\u00bb15775,16153,16150,15736&#8243; img_size=\u00bb350&#215;265&#8243; onclick=\u00bbimg_link_large\u00bb custom_links_target=\u00bb_blank\u00bb][\/vc_column][\/vc_row][vc_row css_animation=\u00bb\u00bb row_type=\u00bbrow\u00bb use_row_as_full_screen_section=\u00bbno\u00bb type=\u00bbgrid\u00bb angled_section=\u00bbno\u00bb text_align=\u00bbleft\u00bb background_image_as_pattern=\u00bbwithout_pattern\u00bb background_color=\u00bb#f0f0f0&#8243; padding_top=\u00bb77&#8243; padding_bottom=\u00bb48&#8243;][vc_column width=\u00bb1\/3&#8243;][vc_row_inner row_type=\u00bbrow\u00bb type=\u00bbfull_width\u00bb text_align=\u00bbright\u00bb css_animation=\u00bb\u00bb][vc_column_inner][vc_single_image image=\u00bb15450&#8243; img_size=\u00bbfull\u00bb alignment=\u00bbcenter\u00bb qode_css_animation=\u00bb\u00bb][vc_separator type=\u00bbtransparent\u00bb up=\u00bb21&#8243; down=\u00bb0&#8243;][\/vc_column_inner][\/vc_row_inner][\/vc_column][vc_column width=\u00bb2\/3&#8243;][vc_separator type=\u00bbtransparent\u00bb up=\u00bb12&#8243; down=\u00bb0&#8243;][vc_column_text]<\/p>\n<h2 style=\"text-align: center;\">LAS CARTAS DE LA UNI\u00d3N SAGRADA<\/h2>\n<p>[\/vc_column_text][vc_separator type=\u00bbsmall\u00bb position=\u00bbcenter\u00bb color=\u00bb#2f666b\u00bb up=\u00bb7&#8243; down=\u00bb38&#8243;][vc_column_text]<\/p>\n<p style=\"text-align: justify;\">Trabaj\u00e9 5 a\u00f1os en las 42 pinturas y el libro de las Cartas de la Uni\u00f3n Sagrada. Se usan como cartas de sanaci\u00f3n y desarrollan la intuici\u00f3n y nuestros recursos de autoayuda y van acompa\u00f1adas con un libro de 135 paginas (que puedes obtener apunt\u00e1ndote a la newsletter). Estas cartas son f\u00e1ciles de usar, gracias al libro de explicaciones y son una excelente herramienta para terapeutas, pero tambi\u00e9n personas sin ning\u00fan tipo de experiencia terap\u00e9utica. Son una gu\u00eda para cada d\u00eda y una excelente herramienta de crecimiento personal.<\/p>\n<p>[\/vc_column_text][vc_empty_space][vc_column_text]<\/p>\n<p style=\"text-align: justify;\"><strong>\u00a1Siento que he canalizado un trabajo muy puro y bello que puede ayudar a muchas personas!<\/strong><\/p>\n<p>[\/vc_column_text][vc_empty_space][vc_column_text]<\/p>\n<div style=\"text-align: center;\"><a  itemprop=\"url\" href=\"https:\/\/jenniferroochnaiobis.com\/index.php\/libro\" target=\"_blank\"  class=\"qbutton  default\" style=\"\">Descargar el Libro <\/a><\/div>\n<p>[\/vc_column_text][vc_empty_space height=\u00bb10px\u00bb][vc_column_text]<\/p>\n<div style=\"text-align: center;\"><a  itemprop=\"url\" href=\"https:\/\/jenniferroochnaiobis.com\/index.php\/cartas-de-la-union-sagrada\/\" target=\"_self\"  class=\"qbutton  default\" style=\"\">Ver las cartas<\/a><\/div>\n<p>[\/vc_column_text][\/vc_column][\/vc_row][vc_row css_animation=\u00bb\u00bb row_type=\u00bbrow\u00bb use_row_as_full_screen_section=\u00bbno\u00bb type=\u00bbfull_width\u00bb angled_section=\u00bbno\u00bb text_align=\u00bbleft\u00bb background_image_as_pattern=\u00bbwithout_pattern\u00bb padding_top=\u00bb52&#8243;][vc_column][vc_separator type=\u00bbtransparent\u00bb up=\u00bb59&#8243; down=\u00bb0&#8243;][vc_column_text]<\/p>\n<h2 style=\"text-align: center;\">NUEVOS TRABAJOS<\/h2>\n<p>[\/vc_column_text][vc_separator type=\u00bbsmall\u00bb position=\u00bbcenter\u00bb color=\u00bb#2f666b\u00bb up=\u00bb7&#8243; down=\u00bb45&#8243;][vc_column_text]<\/p>\n<h4 style=\"text-align: center;\">Cada d\u00eda empieza de nuevo, cada d\u00eda es una nueva oportunidad para ser<br \/>\nfeliz, para crecer, para hacer mis sue\u00f1os realidad\u2026 Se trata de nunca perder el hilo del amor.<\/h4>\n<p>[\/vc_column_text][vc_empty_space][\/vc_column][\/vc_row][vc_row css_animation=\u00bb\u00bb row_type=\u00bbrow\u00bb use_row_as_full_screen_section=\u00bbno\u00bb type=\u00bbfull_width\u00bb angled_section=\u00bbno\u00bb text_align=\u00bbleft\u00bb background_image_as_pattern=\u00bbwithout_pattern\u00bb][vc_column width=\u00bb1\/3&#8243;][\/vc_column][vc_column width=\u00bb1\/3&#8243;][vc_column_text]<\/p>\n<div style=\"text-align: center;\"><a  itemprop=\"url\" href=\"https:\/\/jenniferroochnaiobis.com\/index.php\/nuevos-trabajos\/\" target=\"_blank\"  class=\"qbutton  default\" style=\"\">Ver las Obras<\/a><\/div>\n<p>[vc_empty_space][vc_column_text]<\/p>\n<h6 style=\"text-align: center;\">*En este enlace acceder\u00e1s a toda la informaci\u00f3n de las obras y para adquirirlas s\u00f3lo <a href=\"https:\/\/jenniferroochnaiobis.com\/index.php\/contact-2\/\" target=\"_blank\" rel=\"noopener\">contactame<\/a>.<\/h6>\n<p>[\/vc_column_text][vc_separator type=\u00bbsmall\u00bb position=\u00bbcenter\u00bb color=\u00bb#2f666b\u00bb up=\u00bb7&#8243; down=\u00bb45&#8243;]<\/p>\n<p>[vc_empty_space][vc_empty_space][\/vc_column][vc_column width=\u00bb1\/3&#8243;][\/vc_column][\/vc_row]<\/p>\n","protected":false},"excerpt":{"rendered":"<p>[vc_row css_animation=\u00bb\u00bb row_type=\u00bbrow\u00bb use_row_as_full_screen_section=\u00bbyes\u00bb type=\u00bbgrid\u00bb angled_section=\u00bbno\u00bb text_align=\u00bbleft\u00bb background_image_as_pattern=\u00bbwithout_pattern\u00bb background_color=\u00bb#f0f0f0&#8243; padding_top=\u00bb87&#8243; padding_bottom=\u00bb34&#8243;][vc_column][vc_separator type=\u00bbtransparent\u00bb up=\u00bb-35&#8243; down=\u00bb0&#8243;][vc_column_text] \u201cCreo que es importante que el artista vuelva a ser mensajero. En tiempos pasados los artistas eran los curanderos del pueblo. Hoy en d\u00eda es muy necesario conectar con un arte&#8230;<\/p>\n","protected":false},"author":1,"featured_media":0,"parent":0,"menu_order":0,"comment_status":"closed","ping_status":"closed","template":"","meta":{"footnotes":""},"_links":{"self":[{"href":"https:\/\/jenniferroochnaiobis.com\/index.php\/wp-json\/wp\/v2\/pages\/16121"}],"collection":[{"href":"https:\/\/jenniferroochnaiobis.com\/index.php\/wp-json\/wp\/v2\/pages"}],"about":[{"href":"https:\/\/jenniferroochnaiobis.com\/index.php\/wp-json\/wp\/v2\/types\/page"}],"author":[{"embeddable":true,"href":"https:\/\/jenniferroochnaiobis.com\/index.php\/wp-json\/wp\/v2\/users\/1"}],"replies":[{"embeddable":true,"href":"https:\/\/jenniferroochnaiobis.com\/index.php\/wp-json\/wp\/v2\/comments?post=16121"}],"version-history":[{"count":2,"href":"https:\/\/jenniferroochnaiobis.com\/index.php\/wp-json\/wp\/v2\/pages\/16121\/revisions"}],"predecessor-version":[{"id":16594,"href":"https:\/\/jenniferroochnaiobis.com\/index.php\/wp-json\/wp\/v2\/pages\/16121\/revisions\/16594"}],"wp:attachment":[{"href":"https:\/\/jenniferroochnaiobis.com\/index.php\/wp-json\/wp\/v2\/media?parent=16121"}],"curies":[{"name":"wp","href":"https:\/\/api.w.org\/{rel}","templated":true}]}}