{"id":15842,"date":"2017-09-06T12:30:05","date_gmt":"2017-09-06T12:30:05","guid":{"rendered":"https:\/\/jenniferroochnaiobis.com\/?page_id=15842"},"modified":"2018-07-21T07:12:58","modified_gmt":"2018-07-21T07:12:58","slug":"nuevos-trabajos","status":"publish","type":"page","link":"https:\/\/jenniferroochnaiobis.com\/index.php\/nuevos-trabajos\/","title":{"rendered":"Nuevos Trabajos"},"content":{"rendered":"<p>[vc_row css_animation=\u00bb\u00bb row_type=\u00bbrow\u00bb use_row_as_full_screen_section=\u00bbno\u00bb type=\u00bbfull_width\u00bb angled_section=\u00bbno\u00bb text_align=\u00bbleft\u00bb background_image_as_pattern=\u00bbwithout_pattern\u00bb][vc_column][vc_empty_space][vc_tabs style=\u00bbhorizontal_left\u00bb][vc_tab title=\u00bbTodos Los Trabajos\u00bb tab_id=\u00bb65d2e243-5054-0&#8243;][vc_separator type=\u00bbnormal\u00bb color=\u00bb#cecece\u00bb][vc_empty_space][vc_column_text]<\/p>\n<h3 style=\"text-align: center;\">Todas las obras expuestas est\u00e1n disponibles bajo demanda, puedes ver los detalles clicando en cada una.<\/h3>\n<p>[\/vc_column_text][vc_empty_space][vc_column_text]<\/p>\n<p style=\"text-align: center;\">Para adquirir una de las obras, por favor, contacta directamente conmigo:<\/p>\n<p>[\/vc_column_text][vc_empty_space]<a  itemprop=\"url\" href=\"https:\/\/jenniferroochnaiobis.com\/index.php\/contact-2\/\" target=\"_blank\"  class=\"qbutton  default\" style=\"\">Contacta<\/a>[vc_empty_space][vc_empty_space height=\u00bb72px\u00bb][vc_single_image image=\u00bb16718&#8243; img_size=\u00bb460&#215;650&#8243; alignment=\u00bbcenter\u00bb onclick=\u00bbcustom_link\u00bb img_link_target=\u00bb_blank\u00bb qode_css_animation=\u00bb\u00bb qode_hover_animation=\u00bbdarken\u00bb link=\u00bbhttps:\/\/jenniferroochnaiobis.com\/index.php\/portfolio_page\/naked\/\u00bb][vc_empty_space height=\u00bb100px\u00bb][vc_single_image image=\u00bb15776&#8243; img_size=\u00bb650&#215;460&#8243; alignment=\u00bbcenter\u00bb onclick=\u00bbcustom_link\u00bb img_link_target=\u00bb_blank\u00bb qode_css_animation=\u00bb\u00bb qode_hover_animation=\u00bbdarken\u00bb link=\u00bbhttps:\/\/jenniferroochnaiobis.com\/index.php\/portfolio_page\/enero\/\u00bb][vc_empty_space height=\u00bb100px\u00bb][vc_single_image image=\u00bb15744&#8243; img_size=\u00bb650&#215;460&#8243; alignment=\u00bbcenter\u00bb onclick=\u00bbcustom_link\u00bb img_link_target=\u00bb_blank\u00bb qode_css_animation=\u00bb\u00bb qode_hover_animation=\u00bbdarken\u00bb link=\u00bbhttps:\/\/jenniferroochnaiobis.com\/index.php\/portfolio_page\/febrero\/\u00bb][vc_empty_space height=\u00bb100px\u00bb][vc_single_image image=\u00bb15735&#8243; img_size=\u00bb650&#215;460&#8243; alignment=\u00bbcenter\u00bb onclick=\u00bbcustom_link\u00bb img_link_target=\u00bb_blank\u00bb qode_css_animation=\u00bb\u00bb qode_hover_animation=\u00bbdarken\u00bb link=\u00bbhttps:\/\/jenniferroochnaiobis.com\/index.php\/portfolio_page\/marzo\/\u00bb][vc_empty_space height=\u00bb100px\u00bb][vc_single_image image=\u00bb15736&#8243; img_size=\u00bb650&#215;460&#8243; alignment=\u00bbcenter\u00bb onclick=\u00bbcustom_link\u00bb img_link_target=\u00bb_blank\u00bb qode_css_animation=\u00bb\u00bb qode_hover_animation=\u00bbdarken\u00bb link=\u00bbhttps:\/\/jenniferroochnaiobis.com\/index.php\/portfolio_page\/abril\/ \u00ab][vc_empty_space height=\u00bb100px\u00bb][vc_single_image image=\u00bb15481&#8243; img_size=\u00bb650&#215;460&#8243; alignment=\u00bbcenter\u00bb onclick=\u00bbcustom_link\u00bb img_link_target=\u00bb_blank\u00bb qode_css_animation=\u00bb\u00bb qode_hover_animation=\u00bbdarken\u00bb link=\u00bb https:\/\/jenniferroochnaiobis.com\/index.php\/portfolio_page\/mayo\/\u00bb][vc_empty_space height=\u00bb100px\u00bb][vc_single_image image=\u00bb15478&#8243; img_size=\u00bb650&#215;460&#8243; alignment=\u00bbcenter\u00bb onclick=\u00bbcustom_link\u00bb img_link_target=\u00bb_blank\u00bb qode_css_animation=\u00bb\u00bb qode_hover_animation=\u00bbdarken\u00bb link=\u00bbhttps:\/\/jenniferroochnaiobis.com\/index.php\/portfolio_page\/junio\/\u00bb][vc_empty_space height=\u00bb100px\u00bb][vc_single_image image=\u00bb15737&#8243; img_size=\u00bb650&#215;460&#8243; alignment=\u00bbcenter\u00bb onclick=\u00bbcustom_link\u00bb img_link_target=\u00bb_blank\u00bb qode_css_animation=\u00bb\u00bb qode_hover_animation=\u00bbdarken\u00bb link=\u00bbhttps:\/\/jenniferroochnaiobis.com\/index.php\/portfolio_page\/julio\/\u00bb][vc_empty_space height=\u00bb100px\u00bb][vc_single_image image=\u00bb15738&#8243; img_size=\u00bb650&#215;460&#8243; alignment=\u00bbcenter\u00bb onclick=\u00bbcustom_link\u00bb img_link_target=\u00bb_blank\u00bb qode_css_animation=\u00bb\u00bb qode_hover_animation=\u00bbdarken\u00bb link=\u00bbhttps:\/\/jenniferroochnaiobis.com\/index.php\/portfolio_page\/agosto\/\u00bb][vc_empty_space height=\u00bb100px\u00bb][vc_single_image image=\u00bb15740&#8243; img_size=\u00bb650&#215;460&#8243; alignment=\u00bbcenter\u00bb onclick=\u00bbcustom_link\u00bb img_link_target=\u00bb_blank\u00bb qode_css_animation=\u00bb\u00bb qode_hover_animation=\u00bbdarken\u00bb link=\u00bbhttps:\/\/jenniferroochnaiobis.com\/index.php\/portfolio_page\/septiembre\/\u00bb][vc_empty_space height=\u00bb100px\u00bb][vc_single_image image=\u00bb15745&#8243; img_size=\u00bb650&#215;460&#8243; alignment=\u00bbcenter\u00bb onclick=\u00bbcustom_link\u00bb img_link_target=\u00bb_blank\u00bb qode_css_animation=\u00bb\u00bb qode_hover_animation=\u00bbdarken\u00bb link=\u00bbhttps:\/\/jenniferroochnaiobis.com\/index.php\/portfolio_page\/octubre\/\u00bb][vc_empty_space height=\u00bb100px\u00bb][vc_single_image image=\u00bb15480&#8243; img_size=\u00bb650&#215;460&#8243; alignment=\u00bbcenter\u00bb onclick=\u00bbcustom_link\u00bb img_link_target=\u00bb_blank\u00bb qode_css_animation=\u00bb\u00bb qode_hover_animation=\u00bbdarken\u00bb link=\u00bbhttps:\/\/jenniferroochnaiobis.com\/index.php\/portfolio_page\/noviembre\/\u00bb][vc_empty_space height=\u00bb100px\u00bb][vc_single_image image=\u00bb15742&#8243; img_size=\u00bb650&#215;460&#8243; alignment=\u00bbcenter\u00bb onclick=\u00bbcustom_link\u00bb img_link_target=\u00bb_blank\u00bb qode_css_animation=\u00bb\u00bb qode_hover_animation=\u00bbdarken\u00bb link=\u00bbhttps:\/\/jenniferroochnaiobis.com\/index.php\/portfolio_page\/diciembre\/\u00bb][vc_empty_space height=\u00bb100px\u00bb][vc_single_image image=\u00bb15657&#8243; img_size=\u00bb460&#215;650&#8243; alignment=\u00bbcenter\u00bb onclick=\u00bbcustom_link\u00bb img_link_target=\u00bb_blank\u00bb qode_css_animation=\u00bb\u00bb qode_hover_animation=\u00bbdarken\u00bb link=\u00bbhttps:\/\/jenniferroochnaiobis.com\/index.php\/portfolio_page\/sangre-1\/\u00bb][vc_empty_space height=\u00bb100px\u00bb][vc_single_image image=\u00bb15662&#8243; img_size=\u00bb620&#215;470&#8243; alignment=\u00bbcenter\u00bb onclick=\u00bbcustom_link\u00bb img_link_target=\u00bb_blank\u00bb qode_css_animation=\u00bb\u00bb qode_hover_animation=\u00bbdarken\u00bb link=\u00bbhttps:\/\/jenniferroochnaiobis.com\/index.php\/portfolio_page\/nuevas-obras-ix\/ \u00ab][vc_empty_space height=\u00bb100px\u00bb][vc_single_image image=\u00bb15663&#8243; img_size=\u00bb620&#215;470&#8243; alignment=\u00bbcenter\u00bb onclick=\u00bbcustom_link\u00bb img_link_target=\u00bb_blank\u00bb qode_css_animation=\u00bb\u00bb qode_hover_animation=\u00bbdarken\u00bb link=\u00bbhttps:\/\/jenniferroochnaiobis.com\/index.php\/portfolio_page\/nuevas-obras-x\/\u00bb][vc_empty_space height=\u00bb100px\u00bb][vc_single_image image=\u00bb15660&#8243; img_size=\u00bb650&#215;460&#8243; alignment=\u00bbcenter\u00bb onclick=\u00bbcustom_link\u00bb img_link_target=\u00bb_blank\u00bb qode_css_animation=\u00bb\u00bb qode_hover_animation=\u00bbdarken\u00bb link=\u00bbhttps:\/\/jenniferroochnaiobis.com\/index.php\/portfolio_page\/nuevos-trabajos-ii\/\u00bb][vc_empty_space height=\u00bb100px\u00bb][vc_single_image image=\u00bb15656&#8243; img_size=\u00bb620&#215;480&#8243; alignment=\u00bbcenter\u00bb onclick=\u00bbcustom_link\u00bb img_link_target=\u00bb_blank\u00bb qode_css_animation=\u00bb\u00bb qode_hover_animation=\u00bbdarken\u00bb link=\u00bbhttps:\/\/jenniferroochnaiobis.com\/index.php\/portfolio_page\/nuevas-obras-vi\/\u00bb][vc_empty_space height=\u00bb100px\u00bb][vc_single_image image=\u00bb15652&#8243; img_size=\u00bb650&#215;460&#8243; alignment=\u00bbcenter\u00bb onclick=\u00bbcustom_link\u00bb img_link_target=\u00bb_blank\u00bb qode_css_animation=\u00bb\u00bb qode_hover_animation=\u00bbdarken\u00bb link=\u00bbhttps:\/\/jenniferroochnaiobis.com\/index.php\/portfolio_page\/nuevas-obras-iii\/\u00bb][vc_empty_space height=\u00bb100px\u00bb][vc_single_image image=\u00bb15852&#8243; img_size=\u00bb460&#215;650&#8243; alignment=\u00bbcenter\u00bb onclick=\u00bbcustom_link\u00bb img_link_target=\u00bb_blank\u00bb qode_css_animation=\u00bb\u00bb qode_hover_animation=\u00bbdarken\u00bb link=\u00bbhttps:\/\/jenniferroochnaiobis.com\/index.php\/portfolio_page\/nuevas-obras-xi\/\u00bb][vc_empty_space height=\u00bb100px\u00bb][vc_single_image image=\u00bb15651&#8243; img_size=\u00bb650&#215;460&#8243; alignment=\u00bbcenter\u00bb onclick=\u00bbcustom_link\u00bb img_link_target=\u00bb_blank\u00bb qode_css_animation=\u00bb\u00bb qode_hover_animation=\u00bbdarken\u00bb link=\u00bbhttps:\/\/jenniferroochnaiobis.com\/index.php\/portfolio_page\/awakening-of-kali\/\u00bb][vc_empty_space height=\u00bb100px\u00bb][vc_single_image image=\u00bb15654&#8243; img_size=\u00bb460&#215;650&#8243; alignment=\u00bbcenter\u00bb onclick=\u00bbcustom_link\u00bb img_link_target=\u00bb_blank\u00bb qode_css_animation=\u00bb\u00bb qode_hover_animation=\u00bbdarken\u00bb link=\u00bbhttps:\/\/jenniferroochnaiobis.com\/index.php\/portfolio_page\/nuevas-obras-v\/\u00bb][vc_empty_space height=\u00bb100px\u00bb][vc_single_image image=\u00bb16052&#8243; img_size=\u00bb450&#215;680&#8243; alignment=\u00bbcenter\u00bb onclick=\u00bbcustom_link\u00bb img_link_target=\u00bb_blank\u00bb qode_css_animation=\u00bb\u00bb qode_hover_animation=\u00bbdarken\u00bb link=\u00bbhttps:\/\/jenniferroochnaiobis.com\/index.php\/portfolio_page\/nuevas-obras-viii\/\u00bb][vc_empty_space height=\u00bb100px\u00bb][vc_single_image image=\u00bb15665&#8243; img_size=\u00bb460&#215;650&#8243; alignment=\u00bbcenter\u00bb onclick=\u00bbcustom_link\u00bb img_link_target=\u00bb_blank\u00bb qode_css_animation=\u00bb\u00bb qode_hover_animation=\u00bbdarken\u00bb link=\u00bbhttps:\/\/jenniferroochnaiobis.com\/index.php\/portfolio_page\/nuevas-obras-xii\/\u00bb][vc_empty_space height=\u00bb100px\u00bb][vc_single_image image=\u00bb15658&#8243; img_size=\u00bb460&#215;650&#8243; alignment=\u00bbcenter\u00bb onclick=\u00bbcustom_link\u00bb img_link_target=\u00bb_blank\u00bb qode_css_animation=\u00bb\u00bb qode_hover_animation=\u00bbdarken\u00bb link=\u00bbhttps:\/\/jenniferroochnaiobis.com\/index.php\/portfolio_page\/nuevas-obras-vii\/\u00bb][vc_empty_space height=\u00bb100px\u00bb][vc_single_image image=\u00bb15653&#8243; img_size=\u00bb650&#215;460&#8243; alignment=\u00bbcenter\u00bb onclick=\u00bbcustom_link\u00bb img_link_target=\u00bb_blank\u00bb qode_css_animation=\u00bb\u00bb qode_hover_animation=\u00bbdarken\u00bb link=\u00bbhttps:\/\/jenniferroochnaiobis.com\/index.php\/portfolio_page\/nuevas-obras-iv\/\u00bb][vc_empty_space height=\u00bb100px\u00bb][vc_single_image image=\u00bb16245&#8243; img_size=\u00bb650&#215;480&#8243; alignment=\u00bbcenter\u00bb onclick=\u00bbcustom_link\u00bb img_link_target=\u00bb_blank\u00bb qode_css_animation=\u00bb\u00bb qode_hover_animation=\u00bbdarken\u00bb link=\u00bbhttps:\/\/jenniferroochnaiobis.com\/index.php\/portfolio_page\/it-is-important-to-highlight-2\/\u00bb][vc_empty_space height=\u00bb100px\u00bb][\/vc_tab][vc_tab title=\u00bbGritos de la Gran Madre\u00bb tab_id=\u00bb1e7a9e70-1297-1&#8243;][vc_empty_space][vc_column_text]<\/p>\n<h3 style=\"text-align: center;\">Trabajos de la serie \u00abGritos de la Gran Madre\u00bb<\/h3>\n<p>&nbsp;<\/p>\n<p style=\"text-align: justify;\">La idea es crear a lo largo del a\u00f1o obras de arte que expresen el grito de nuestra madre tierra, una forma de protesta art\u00edstica.\u00a0 Poemas, fotos, pinturas, collages, v\u00eddeos&#8230; Hombres, mujeres&#8230; Para al final tener material para una exposici\u00f3n colectiva. 50% de la venta de las obras se destinar\u00e1 a una ONG relacionada (que elegiremos entre todos los artistas)&#8230;<br \/>\nParticipa! Haz algo!<\/p>\n<p>&nbsp;<\/p>\n<p style=\"text-align: justify;\">Aqu\u00ed una muestra de mis trabajos para este exposici\u00f3n colectiva:<\/p>\n<p>[\/vc_column_text][vc_empty_space height=\u00bb72px\u00bb][vc_single_image image=\u00bb15652&#8243; img_size=\u00bb650&#215;460&#8243; alignment=\u00bbcenter\u00bb onclick=\u00bbcustom_link\u00bb img_link_target=\u00bb_blank\u00bb qode_css_animation=\u00bb\u00bb qode_hover_animation=\u00bbdarken\u00bb link=\u00bbhttps:\/\/jenniferroochnaiobis.com\/index.php\/portfolio_page\/nuevas-obras-iii\/\u00bb][vc_empty_space height=\u00bb100px\u00bb][vc_single_image image=\u00bb15852&#8243; img_size=\u00bb460&#215;650&#8243; alignment=\u00bbcenter\u00bb onclick=\u00bbcustom_link\u00bb img_link_target=\u00bb_blank\u00bb qode_css_animation=\u00bb\u00bb qode_hover_animation=\u00bbdarken\u00bb link=\u00bbhttps:\/\/jenniferroochnaiobis.com\/index.php\/portfolio_page\/nuevas-obras-xi\/\u00bb][vc_empty_space height=\u00bb100px\u00bb][vc_single_image image=\u00bb15651&#8243; img_size=\u00bb650&#215;460&#8243; alignment=\u00bbcenter\u00bb onclick=\u00bbcustom_link\u00bb img_link_target=\u00bb_blank\u00bb qode_css_animation=\u00bb\u00bb qode_hover_animation=\u00bbdarken\u00bb link=\u00bbhttps:\/\/jenniferroochnaiobis.com\/index.php\/portfolio_page\/awakening-of-kali\/\u00bb][vc_empty_space height=\u00bb100px\u00bb][vc_single_image image=\u00bb15654&#8243; img_size=\u00bb460&#215;650&#8243; alignment=\u00bbcenter\u00bb onclick=\u00bbcustom_link\u00bb img_link_target=\u00bb_blank\u00bb qode_css_animation=\u00bb\u00bb qode_hover_animation=\u00bbdarken\u00bb link=\u00bbhttps:\/\/jenniferroochnaiobis.com\/index.php\/portfolio_page\/nuevas-obras-v\/\u00bb][vc_empty_space height=\u00bb100px\u00bb][vc_single_image image=\u00bb16052&#8243; img_size=\u00bb450&#215;680&#8243; alignment=\u00bbcenter\u00bb onclick=\u00bbcustom_link\u00bb img_link_target=\u00bb_blank\u00bb qode_css_animation=\u00bb\u00bb qode_hover_animation=\u00bbdarken\u00bb link=\u00bbhttps:\/\/jenniferroochnaiobis.com\/index.php\/portfolio_page\/nuevas-obras-viii\/\u00bb][vc_empty_space height=\u00bb100px\u00bb][vc_single_image image=\u00bb15665&#8243; img_size=\u00bb460&#215;650&#8243; alignment=\u00bbcenter\u00bb onclick=\u00bbcustom_link\u00bb img_link_target=\u00bb_blank\u00bb qode_css_animation=\u00bb\u00bb qode_hover_animation=\u00bbdarken\u00bb link=\u00bbhttps:\/\/jenniferroochnaiobis.com\/index.php\/portfolio_page\/nuevas-obras-xii\/\u00bb][vc_empty_space height=\u00bb100px\u00bb][vc_single_image image=\u00bb15658&#8243; img_size=\u00bb460&#215;650&#8243; alignment=\u00bbcenter\u00bb onclick=\u00bbcustom_link\u00bb img_link_target=\u00bb_blank\u00bb qode_css_animation=\u00bb\u00bb qode_hover_animation=\u00bbdarken\u00bb link=\u00bbhttps:\/\/jenniferroochnaiobis.com\/index.php\/portfolio_page\/nuevas-obras-vii\/\u00bb][vc_empty_space height=\u00bb100px\u00bb][vc_single_image image=\u00bb15653&#8243; img_size=\u00bb650&#215;460&#8243; alignment=\u00bbcenter\u00bb onclick=\u00bbcustom_link\u00bb img_link_target=\u00bb_blank\u00bb qode_css_animation=\u00bb\u00bb qode_hover_animation=\u00bbdarken\u00bb link=\u00bbhttps:\/\/jenniferroochnaiobis.com\/index.php\/portfolio_page\/nuevas-obras-iv\/\u00bb][vc_empty_space height=\u00bb100px\u00bb][vc_single_image image=\u00bb16245&#8243; img_size=\u00bb650&#215;480&#8243; alignment=\u00bbcenter\u00bb onclick=\u00bbcustom_link\u00bb img_link_target=\u00bb_blank\u00bb qode_css_animation=\u00bb\u00bb qode_hover_animation=\u00bbdarken\u00bb link=\u00bbhttps:\/\/jenniferroochnaiobis.com\/index.php\/portfolio_page\/it-is-important-to-highlight-2\/\u00bb][vc_empty_space height=\u00bb100px\u00bb][\/vc_tab][\/vc_tabs][\/vc_column][\/vc_row][vc_column][\/vc_column]<\/p>\n","protected":false},"excerpt":{"rendered":"<p>[vc_row css_animation=\u00bb\u00bb row_type=\u00bbrow\u00bb use_row_as_full_screen_section=\u00bbno\u00bb type=\u00bbfull_width\u00bb angled_section=\u00bbno\u00bb text_align=\u00bbleft\u00bb background_image_as_pattern=\u00bbwithout_pattern\u00bb][vc_column][vc_empty_space][vc_tabs style=\u00bbhorizontal_left\u00bb][vc_tab title=\u00bbTodos Los Trabajos\u00bb tab_id=\u00bb65d2e243-5054-0&#8243;][vc_separator type=\u00bbnormal\u00bb color=\u00bb#cecece\u00bb][vc_empty_space][vc_column_text] Todas las obras expuestas est\u00e1n disponibles bajo demanda, puedes ver los detalles clicando en cada una. [\/vc_column_text][vc_empty_space][vc_column_text] Para adquirir una de las obras, por favor, contacta directamente conmigo: [\/vc_column_text][vc_empty_space][vc_empty_space][vc_empty_space height=\u00bb72px\u00bb][vc_single_image&#8230;<\/p>\n","protected":false},"author":1,"featured_media":0,"parent":0,"menu_order":0,"comment_status":"closed","ping_status":"closed","template":"","meta":{"footnotes":""},"_links":{"self":[{"href":"https:\/\/jenniferroochnaiobis.com\/index.php\/wp-json\/wp\/v2\/pages\/15842"}],"collection":[{"href":"https:\/\/jenniferroochnaiobis.com\/index.php\/wp-json\/wp\/v2\/pages"}],"about":[{"href":"https:\/\/jenniferroochnaiobis.com\/index.php\/wp-json\/wp\/v2\/types\/page"}],"author":[{"embeddable":true,"href":"https:\/\/jenniferroochnaiobis.com\/index.php\/wp-json\/wp\/v2\/users\/1"}],"replies":[{"embeddable":true,"href":"https:\/\/jenniferroochnaiobis.com\/index.php\/wp-json\/wp\/v2\/comments?post=15842"}],"version-history":[{"count":10,"href":"https:\/\/jenniferroochnaiobis.com\/index.php\/wp-json\/wp\/v2\/pages\/15842\/revisions"}],"predecessor-version":[{"id":16795,"href":"https:\/\/jenniferroochnaiobis.com\/index.php\/wp-json\/wp\/v2\/pages\/15842\/revisions\/16795"}],"wp:attachment":[{"href":"https:\/\/jenniferroochnaiobis.com\/index.php\/wp-json\/wp\/v2\/media?parent=15842"}],"curies":[{"name":"wp","href":"https:\/\/api.w.org\/{rel}","templated":true}]}}