{"id":15582,"date":"2017-06-29T14:38:29","date_gmt":"2017-06-29T14:38:29","guid":{"rendered":"https:\/\/jenniferroochnaiobis.com\/?page_id=15582"},"modified":"2018-01-07T20:12:29","modified_gmt":"2018-01-07T20:12:29","slug":"el-calendario","status":"publish","type":"page","link":"https:\/\/jenniferroochnaiobis.com\/index.php\/el-calendario\/","title":{"rendered":"El Calendario"},"content":{"rendered":"<p>[vc_row css_animation=\u00bb\u00bb row_type=\u00bbrow\u00bb use_row_as_full_screen_section=\u00bbno\u00bb type=\u00bbfull_width\u00bb angled_section=\u00bbno\u00bb text_align=\u00bbleft\u00bb background_image_as_pattern=\u00bbwithout_pattern\u00bb][vc_column][vc_empty_space][vc_single_image image=\u00bb15479&#8243; img_size=\u00bb450&#215;122&#8243; alignment=\u00bbcenter\u00bb qode_css_animation=\u00bb\u00bb][vc_empty_space][vc_separator type=\u00bbsmall\u00bb position=\u00bbcenter\u00bb color=\u00bb#2f666b\u00bb][vc_column_text]<\/p>\n<h3 style=\"text-align: center;\">El Calendario \u2018tiempo adentro\u2019 son 12 pinturas, una de cada mes del a\u00f1o que van acompa\u00f1adas con un texto explicativo, sobre el que la autora dice lo siguiente:<\/h3>\n<p>[\/vc_column_text][vc_separator type=\u00bbsmall\u00bb position=\u00bbcenter\u00bb color=\u00bb#2f666b\u00bb][vc_empty_space][vc_column_text]<\/p>\n<p style=\"text-align: justify;\">Hace tiempo quer\u00eda crear un calendario. Un calendario que, de alguna manera, pudiera unir todas las tradiciones en una. Ya que somos c\u00f3smicos y c\u00edclicos, sent\u00eda que todo se repite en una o otra forma. Todos estamos conectados a ciclos naturales, cada mes tiene sus ritos que se parecen en muchos tradiciones. Escuchando mi intuici\u00f3n y mis gu\u00edas quer\u00eda crear un calendario que nos ayudara a conectar con el tiempo c\u00f3smico, el no-tiempo, el que se encuentra dentro de nosotros mismos.<\/p>\n<p>[\/vc_column_text][vc_empty_space][vc_column_text]<\/p>\n<p style=\"text-align: justify;\">Era una idea bonita, pero complicada de realizar sin generalizar y perder la profundidad, y me daba cuenta que la \u00fanica manera de hacerlo era la de escuchar puramente mi interior, escuchar de manera muy atenta lo que siento en cada mes. As\u00ed, empec\u00e9 con una idea muy general, pero una vez que decid\u00ed escuchar adentro empezaban a fluir las im\u00e1genes. Cada mes pintaba lo que me susurraba el mes mismo.<\/p>\n<p>[\/vc_column_text][vc_empty_space][vc_column_text]<\/p>\n<blockquote>\n<h3 style=\"text-align: center;\"><strong><em>\u00a1Espero que este calendario sirva para entendernos mejor!<\/em><\/strong><\/h3>\n<\/blockquote>\n<p>[\/vc_column_text][vc_empty_space][\/vc_column][\/vc_row][vc_row css_animation=\u00bb\u00bb row_type=\u00bbrow\u00bb use_row_as_full_screen_section=\u00bbno\u00bb type=\u00bbfull_width\u00bb angled_section=\u00bbno\u00bb text_align=\u00bbleft\u00bb background_image_as_pattern=\u00bbwithout_pattern\u00bb][vc_column width=\u00bb1\/3&#8243;][vc_single_image image=\u00bb15743&#8243; img_size=\u00bbfull\u00bb alignment=\u00bbcenter\u00bb qode_css_animation=\u00bb\u00bb qode_hover_animation=\u00bbzoom_in\u00bb][vc_empty_space height=\u00bb22px\u00bb][vc_column_text]<\/p>\n<h2 style=\"text-align: left;\">ENERO<\/h2>\n<p style=\"text-align: left;\"><a href=\"https:\/\/jenniferroochnaiobis.com\/index.php\/portfolio_page\/enero\/\" target=\"_blank\" rel=\"noopener\"><strong>Leer M\u00e1s<\/strong><\/a><\/p>\n<p>[\/vc_column_text][\/vc_column][vc_column width=\u00bb1\/3&#8243;][vc_single_image image=\u00bb15745&#8243; img_size=\u00bbfull\u00bb alignment=\u00bbcenter\u00bb qode_css_animation=\u00bb\u00bb qode_hover_animation=\u00bbzoom_in\u00bb][vc_empty_space height=\u00bb22px\u00bb][vc_column_text]<\/p>\n<h2 style=\"text-align: left;\">OCTUBRE<\/h2>\n<p style=\"text-align: left;\"><a href=\"https:\/\/jenniferroochnaiobis.com\/index.php\/portfolio_page\/octubre\/\" target=\"_blank\" rel=\"noopener\"><strong>Leer M\u00e1s<\/strong><\/a><\/p>\n<p>[\/vc_column_text][\/vc_column][vc_column width=\u00bb1\/3&#8243;][vc_single_image image=\u00bb15480&#8243; img_size=\u00bbfull\u00bb alignment=\u00bbcenter\u00bb onclick=\u00bbcustom_link\u00bb img_link_target=\u00bb_blank\u00bb qode_css_animation=\u00bb\u00bb qode_hover_animation=\u00bbzoom_in\u00bb link=\u00bbhttps:\/\/jenniferroochnaiobis.com\/index.php\/portfolio_page\/noviembre\/\u00bb][vc_empty_space height=\u00bb22px\u00bb][vc_column_text]<\/p>\n<h2 style=\"text-align: left;\">NOVIEMBRE<\/h2>\n<p style=\"text-align: left;\"><a href=\"https:\/\/jenniferroochnaiobis.com\/index.php\/portfolio_page\/noviembre\/\"><strong>Leer M\u00e1s<\/strong><\/a><\/p>\n<p>[\/vc_column_text][\/vc_column][\/vc_row][vc_row css_animation=\u00bb\u00bb row_type=\u00bbrow\u00bb use_row_as_full_screen_section=\u00bbno\u00bb type=\u00bbfull_width\u00bb angled_section=\u00bbno\u00bb text_align=\u00bbleft\u00bb background_image_as_pattern=\u00bbwithout_pattern\u00bb][vc_column][vc_empty_space][vc_empty_space]<div class=\"call_to_action normal\" style=\"background-color: #2f666b;\"><div class=\"container_inner\"><div class=\"two_columns_75_25 clearfix\"><div class=\"text_wrapper column1\"><div class=\"call_to_action_text \" style=\"\">Puedes adquirir tu ejemplar aqu\u00ed:<\/div><\/div><div class=\"button_wrapper column2\"><a itemprop=\"url\" href=\"https:\/\/jenniferroochnaiobis.com\/index.php\/producto\/calendario-tiempo-adentro\/\" class=\"qbutton white \" target=\"_blank\" style=\"color: #3f888f;\"data-hover-color=#ffffff>COMPRAR<\/a><\/div><\/div><\/div><\/div>[\/vc_column][\/vc_row]<\/p>\n","protected":false},"excerpt":{"rendered":"<p>[vc_row css_animation=\u00bb\u00bb row_type=\u00bbrow\u00bb use_row_as_full_screen_section=\u00bbno\u00bb type=\u00bbfull_width\u00bb angled_section=\u00bbno\u00bb text_align=\u00bbleft\u00bb background_image_as_pattern=\u00bbwithout_pattern\u00bb][vc_column][vc_empty_space][vc_single_image image=\u00bb15479&#8243; img_size=\u00bb450&#215;122&#8243; alignment=\u00bbcenter\u00bb qode_css_animation=\u00bb\u00bb][vc_empty_space][vc_separator type=\u00bbsmall\u00bb position=\u00bbcenter\u00bb color=\u00bb#2f666b\u00bb][vc_column_text] El Calendario \u2018tiempo adentro\u2019 son 12 pinturas, una de cada mes del a\u00f1o que van acompa\u00f1adas con un texto explicativo, sobre el que la autora dice lo siguiente: [\/vc_column_text][vc_separator type=\u00bbsmall\u00bb&#8230;<\/p>\n","protected":false},"author":1,"featured_media":0,"parent":0,"menu_order":0,"comment_status":"closed","ping_status":"closed","template":"","meta":{"footnotes":""},"_links":{"self":[{"href":"https:\/\/jenniferroochnaiobis.com\/index.php\/wp-json\/wp\/v2\/pages\/15582"}],"collection":[{"href":"https:\/\/jenniferroochnaiobis.com\/index.php\/wp-json\/wp\/v2\/pages"}],"about":[{"href":"https:\/\/jenniferroochnaiobis.com\/index.php\/wp-json\/wp\/v2\/types\/page"}],"author":[{"embeddable":true,"href":"https:\/\/jenniferroochnaiobis.com\/index.php\/wp-json\/wp\/v2\/users\/1"}],"replies":[{"embeddable":true,"href":"https:\/\/jenniferroochnaiobis.com\/index.php\/wp-json\/wp\/v2\/comments?post=15582"}],"version-history":[{"count":1,"href":"https:\/\/jenniferroochnaiobis.com\/index.php\/wp-json\/wp\/v2\/pages\/15582\/revisions"}],"predecessor-version":[{"id":16553,"href":"https:\/\/jenniferroochnaiobis.com\/index.php\/wp-json\/wp\/v2\/pages\/15582\/revisions\/16553"}],"wp:attachment":[{"href":"https:\/\/jenniferroochnaiobis.com\/index.php\/wp-json\/wp\/v2\/media?parent=15582"}],"curies":[{"name":"wp","href":"https:\/\/api.w.org\/{rel}","templated":true}]}}