{"id":15579,"date":"2017-06-29T14:32:20","date_gmt":"2017-06-29T14:32:20","guid":{"rendered":"https:\/\/jenniferroochnaiobis.com\/?page_id=15579"},"modified":"2024-10-16T19:11:41","modified_gmt":"2024-10-16T19:11:41","slug":"cartas-de-la-union-sagrada","status":"publish","type":"page","link":"https:\/\/jenniferroochnaiobis.com\/index.php\/cartas-de-la-union-sagrada\/","title":{"rendered":"Cartas de la Uni\u00f3n Sagrada"},"content":{"rendered":"<p>[vc_row css_animation=\u00bb\u00bb row_type=\u00bbrow\u00bb use_row_as_full_screen_section=\u00bbno\u00bb type=\u00bbfull_width\u00bb angled_section=\u00bbno\u00bb text_align=\u00bbleft\u00bb background_image_as_pattern=\u00bbwithout_pattern\u00bb][vc_column width=\u00bb1\/6&#8243;][\/vc_column][vc_column width=\u00bb2\/3&#8243;][vc_empty_space][vc_column_text]<\/p>\n<h2 style=\"text-align: center;\">CARTAS DE LA UNI\u00d3N SAGRADA<\/h2>\n<p>[\/vc_column_text][vc_separator type=\u00bbsmall\u00bb position=\u00bbcenter\u00bb color=\u00bb#2f666b\u00bb up=\u00bb7&#8243; down=\u00bb38&#8243;][vc_empty_space][vc_column_text]<\/p>\n<p style=\"text-align: justify;\">\u00abTrabaj\u00e9 5 a\u00f1os en las 42 pinturas y el libro de las Cartas de la Uni\u00f3n Sagrada. Se usan como cartas de sanaci\u00f3n, desarrollan la intuici\u00f3n y nuestros recursos de autoayuda. Las Cartas van acompa\u00f1adas con un libro de 135 paginas y tambi\u00e9n hay una nueva versi\u00f3n corta del libro para lecturas r\u00e1pidas (ambos se pueden bajar en esta web). Estas cartas son f\u00e1ciles de usar, gracias al libro de explicaciones y son una excelente herramienta para terapeutas, pero tambi\u00e9n personas sin ning\u00fan tipo de experiencia terap\u00e9utica. Son una gu\u00eda para cada d\u00eda y una excelente herramienta de crecimiento personal.\u00bb<\/p>\n<p>[\/vc_column_text][vc_empty_space][vc_column_text]<\/p>\n<p style=\"text-align: center;\"><em><strong>\u00a1Siento que he canalizado un trabajo muy puro y bello que puede ayudar a muchas personas!<\/strong><\/em><\/p>\n<p style=\"text-align: center;\"><em><strong>Dicen sobre mis Cartas:<\/strong><\/em><\/p>\n<p>[\/vc_column_text][vc_separator type=\u00bbsmall\u00bb position=\u00bbcenter\u00bb color=\u00bb#2f666b\u00bb up=\u00bb7&#8243; down=\u00bb38&#8243;]<div class='testimonials_c_holder clearfix dark'><div class=\"testimonials_c testimonials_c_carousel\" data-show-navigation=\"yes\" data-animation-speed=\"\" data-auto-rotate-slides=\"15\" data-number-per-slide=\"1\"><ul class=\"slides\"><li id=\"testimonials-c-15637\" class=\"testimonial_content\"><div class=\"testimonial_content_inner\"><div class=\"testimonial_text_holder\"><div class=\"testimonial_text_inner\" style=\"\"><p style='font-size:20px;'>\u201c\u2026Hoy, una vez m\u00e1s encontr\u00e9 calor y esperanza en una de tus cartas,\"la mujer salvaje\". Te escribo para agradecerte nuevamente tan lindo trabajo y prop\u00f3sito\u2026.\u201d<\/p><p class=\"testimonial_author\" style=\"font-weight: 500;font-size: 22px;\">Antonia Ramirez. (Terapeuta)<\/p><\/div><\/div><\/div><\/li><li id=\"testimonials-c-15935\" class=\"testimonial_content\"><div class=\"testimonial_content_inner\"><div class=\"testimonial_text_holder\"><div class=\"testimonial_text_inner\" style=\"\"><p style='font-size:20px;'>'...hace unos meses mi m\u00e9dico me ech\u00f3 tus cartas y esa tirada fue un antes y despu\u00e9s en mi vida, como dec\u00eda un mensaje que me lleg\u00f3 luego, \u00ab un d\u00eda irrepetible \u00bb, muchas gracias por tu creaci\u00f3n de las cartas...'<\/p><p class=\"testimonial_author\" style=\"font-weight: 500;font-size: 22px;\">Edu Garc\u00eda. Funcionario <\/p><\/div><\/div><\/div><\/li><li id=\"testimonials-c-15639\" class=\"testimonial_content\"><div class=\"testimonial_content_inner\"><div class=\"testimonial_text_holder\"><div class=\"testimonial_text_inner\" style=\"\"><p style='font-size:20px;'>\u201c\u2026te escribo para agradecerte tus hermosos c\u00edrculos de cartas, son maravillosos y nos dan un gran aliento en las ceremonias.\u201d<\/p><p class=\"testimonial_author\" style=\"font-weight: 500;font-size: 22px;\">Gabriela Maiztegui (cantante y antropologa)<\/p><\/div><\/div><\/div><\/li><li id=\"testimonials-c-15636\" class=\"testimonial_content\"><div class=\"testimonial_content_inner\"><div class=\"testimonial_text_holder\"><div class=\"testimonial_text_inner\" style=\"\"><p style='font-size:20px;'>\u201c\u2026tus cartas me ayudan mucho, no solo a mi.. somos varias mujeres que tomamos como ritual cuando nos juntamos el consultarlas. Te agradezco por mi y por mis amigas... y deseo que prospere tu proyecto hacia donde vos quieras.\u201d<\/p><p class=\"testimonial_author\" style=\"font-weight: 500;font-size: 22px;\">Leticia Leiva (Actriz. Argentina)<\/p><\/div><\/div><\/div><\/li><li id=\"testimonials-c-15635\" class=\"testimonial_content\"><div class=\"testimonial_content_inner\"><div class=\"testimonial_text_holder\"><div class=\"testimonial_text_inner\" style=\"\"><p style='font-size:20px;'>\u201c\u2026lo que realmente me esta dejando abrumada son las cartas que me est\u00e1n saliendo, porque parecen estar ley\u00e9ndome y queriendo ayudarme y posicionarme en mi trayectoria, de verdad que no doy cr\u00e9dito, es como si algo m\u00e1gico estuviera sucediendo\u2026\u201d<\/p><p class=\"testimonial_author\" style=\"font-weight: 500;font-size: 22px;\">Nuria Gil <\/p><\/div><\/div><\/div><\/li><li id=\"testimonials-c-15634\" class=\"testimonial_content\"><div class=\"testimonial_content_inner\"><div class=\"testimonial_text_holder\"><div class=\"testimonial_text_inner\" style=\"\"><p style='font-size:20px;'>\u201cAutenticas, inspiradoras y muy asertivas. Los dibujos transmiten much\u00edsimo, pero adem\u00e1s la explicaci\u00f3n de cada carta es de las mas completas que yo hab\u00eda conocido.\u201d<\/p><p class=\"testimonial_author\" style=\"font-weight: 500;font-size: 22px;\">Ravi Ramoneda (M\u00fasico de Mantras)<\/p><\/div><\/div><\/div><\/li><li id=\"testimonials-c-15939\" class=\"testimonial_content\"><div class=\"testimonial_content_inner\"><div class=\"testimonial_text_holder\"><div class=\"testimonial_text_inner\" style=\"\"><p style='font-size:20px;'>\"La creaci\u00f3n consciente requiere de una gran responsabilidad, pues aquello que imaginamos entrar\u00e1 a formar parte de nuestra realidad cotidiana, de nuestro psiquismo com\u00fan. Las cartas de Jennifer son una profunda muestra de como usar el arte para devolverlo a su lugar sagrado, desde donde la creadora representa una constelaci\u00f3n de arquetipos que engloban su propia forma de sentir y entender el mundo interno. Un juego de cartas que invita y permite a cada uno, jugar a proyectarse en su propio proceso vital de integraci\u00f3n\".<\/p><p class=\"testimonial_author\" style=\"font-weight: 500;font-size: 22px;\">V\u00edctor Brossah (Artista y creador del M\u00e9todo Syneidesis)<\/p><\/div><\/div><\/div><\/li><\/ul><\/div><\/div>[\/vc_column][\/vc_row][vc_row css_animation=\u00bb\u00bb row_type=\u00bbrow\u00bb use_row_as_full_screen_section=\u00bbno\u00bb type=\u00bbfull_width\u00bb angled_section=\u00bbno\u00bb text_align=\u00bbleft\u00bb background_image_as_pattern=\u00bbwithout_pattern\u00bb][vc_column][vc_empty_space][vc_empty_space]<div class=\"container_inner\"><div class=\"call_to_action normal\" style=\"background-color: #2f666b;\"><div class=\"two_columns_75_25 clearfix\"><div class=\"text_wrapper column1\"><div class=\"call_to_action_text \" style=\"\">Adquiere tu propio set de cartas&#8230;<\/div><\/div><div class=\"button_wrapper column2\"><a itemprop=\"url\" href=\"https:\/\/jenniferroochnaiobis.com\/index.php\/producto\/leather-wallet\/\" class=\"qbutton white \" target=\"_blank\" style=\"color: #2f666b;background-color: #ffffff;\"data-hover-background-color=#0c2752 data-hover-color=#ffffff>COMPRAR<\/a><\/div><\/div><\/div><\/div>[vc_empty_space height=\u00bb12px\u00bb][\/vc_column][\/vc_row][vc_row css_animation=\u00bb\u00bb row_type=\u00bbrow\u00bb use_row_as_full_screen_section=\u00bbno\u00bb type=\u00bbfull_width\u00bb angled_section=\u00bbno\u00bb text_align=\u00bbleft\u00bb background_image_as_pattern=\u00bbwithout_pattern\u00bb][vc_column][vc_empty_space][vc_empty_space][vc_separator type=\u00bbsmall\u00bb position=\u00bbcenter\u00bb color=\u00bb#2f666b\u00bb up=\u00bb7&#8243; down=\u00bb38&#8243;][vc_column_text]<\/p>\n<p style=\"text-align: center;\"><em><strong>Te invito a ver un resumen de las cartas y, si as\u00ed lo sientes, a adquirir todo el set en este espacio&#8230;<\/strong><\/em><\/p>\n<p>[\/vc_column_text][vc_empty_space height=\u00bb12px\u00bb][vc_separator type=\u00bbsmall\u00bb position=\u00bbcenter\u00bb color=\u00bb#2f666b\u00bb up=\u00bb7&#8243; down=\u00bb38&#8243;][vc_empty_space height=\u00bb12px\u00bb][\/vc_column][\/vc_row][vc_row css_animation=\u00bb\u00bb row_type=\u00bbrow\u00bb use_row_as_full_screen_section=\u00bbno\u00bb type=\u00bbfull_width\u00bb angled_section=\u00bbno\u00bb text_align=\u00bbleft\u00bb background_image_as_pattern=\u00bbwithout_pattern\u00bb][vc_column][vc_column_text]<\/p>\n<p>[\/vc_column_text][\/vc_column][\/vc_row][vc_row css_animation=\u00bb\u00bb row_type=\u00bbrow\u00bb use_row_as_full_screen_section=\u00bbno\u00bb type=\u00bbfull_width\u00bb angled_section=\u00bbno\u00bb text_align=\u00bbleft\u00bb background_image_as_pattern=\u00bbwithout_pattern\u00bb][vc_column width=\u00bb1\/6&#8243;][vc_single_image image=\u00bb15474&#8243; img_size=\u00bbfull\u00bb alignment=\u00bbcenter\u00bb qode_css_animation=\u00bb\u00bb][\/vc_column][vc_column width=\u00bb1\/6&#8243;][vc_single_image image=\u00bb15468&#8243; img_size=\u00bbfull\u00bb alignment=\u00bbcenter\u00bb qode_css_animation=\u00bb\u00bb][\/vc_column][vc_column width=\u00bb1\/6&#8243;][vc_single_image image=\u00bb15455&#8243; img_size=\u00bbfull\u00bb alignment=\u00bbcenter\u00bb qode_css_animation=\u00bb\u00bb][\/vc_column][vc_column width=\u00bb1\/6&#8243;][vc_single_image image=\u00bb16582&#8243; img_size=\u00bbfull\u00bb alignment=\u00bbcenter\u00bb qode_css_animation=\u00bb\u00bb][\/vc_column][vc_column width=\u00bb1\/6&#8243;][vc_single_image image=\u00bb16580&#8243; img_size=\u00bbfull\u00bb alignment=\u00bbcenter\u00bb qode_css_animation=\u00bb\u00bb][\/vc_column][vc_column width=\u00bb1\/6&#8243;][vc_single_image image=\u00bb16579&#8243; img_size=\u00bbfull\u00bb alignment=\u00bbcenter\u00bb qode_css_animation=\u00bb\u00bb][\/vc_column][\/vc_row][vc_row css_animation=\u00bb\u00bb row_type=\u00bbrow\u00bb use_row_as_full_screen_section=\u00bbno\u00bb type=\u00bbfull_width\u00bb angled_section=\u00bbno\u00bb text_align=\u00bbcenter\u00bb background_image_as_pattern=\u00bbwithout_pattern\u00bb][vc_column][vc_empty_space][\/vc_column][\/vc_row][vc_row css_animation=\u00bb\u00bb row_type=\u00bbrow\u00bb use_row_as_full_screen_section=\u00bbno\u00bb type=\u00bbfull_width\u00bb angled_section=\u00bbno\u00bb text_align=\u00bbleft\u00bb background_image_as_pattern=\u00bbwithout_pattern\u00bb][vc_column][vc_column_text]<\/p>\n<p>[\/vc_column_text][\/vc_column][\/vc_row][vc_row css_animation=\u00bb\u00bb row_type=\u00bbrow\u00bb use_row_as_full_screen_section=\u00bbno\u00bb type=\u00bbfull_width\u00bb angled_section=\u00bbno\u00bb text_align=\u00bbleft\u00bb background_image_as_pattern=\u00bbwithout_pattern\u00bb][vc_column][vc_empty_space][vc_empty_space]<div class=\"container_inner\"><div class=\"call_to_action normal\" style=\"background-color: #2f666b;\"><div class=\"two_columns_75_25 clearfix\"><div class=\"text_wrapper column1\"><div class=\"call_to_action_text \" style=\"\">Adquiere tu propio set de cartas&#8230;<\/div><\/div><div class=\"button_wrapper column2\"><a itemprop=\"url\" href=\"https:\/\/jenniferroochnaiobis.com\/index.php\/producto\/leather-wallet\/\" class=\"qbutton white \" target=\"_blank\" style=\"color: #2f666b;background-color: #ffffff;\"data-hover-background-color=#0c2752 data-hover-color=#ffffff>COMPRAR<\/a><\/div><\/div><\/div><\/div>[vc_empty_space height=\u00bb12px\u00bb][vc_empty_space height=\u00bb12px\u00bb][\/vc_column][\/vc_row][vc_row css_animation=\u00bb\u00bb row_type=\u00bbrow\u00bb use_row_as_full_screen_section=\u00bbno\u00bb type=\u00bbfull_width\u00bb angled_section=\u00bbno\u00bb text_align=\u00bbleft\u00bb background_image_as_pattern=\u00bbwithout_pattern\u00bb][vc_column width=\u00bb1\/2&#8243;][vc_empty_space height=\u00bb40px\u00bb][vc_empty_space height=\u00bb40px\u00bb][vc_column_text]<\/p>\n<p style=\"text-align: center;\">\u00bfTienes curiosidad? Puedes ver m\u00e1s sobre \u00abLas Cartas de la Uni\u00f3n Sagrada\u00bb en este v\u00eddeo con la misma autora:<\/p>\n<p>[\/vc_column_text][\/vc_column][vc_column width=\u00bb1\/2&#8243;][vc_empty_space height=\u00bb12px\u00bb][vc_video link=\u00bbhttps:\/\/www.youtube.com\/watch?v=O7Wk3tVU0UI\u00bb el_width=\u00bb70&#8243; align=\u00bbcenter\u00bb][vc_empty_space height=\u00bb12px\u00bb][vc_empty_space height=\u00bb12px\u00bb][\/vc_column][\/vc_row][vc_row css_animation=\u00bb\u00bb row_type=\u00bbrow\u00bb use_row_as_full_screen_section=\u00bbno\u00bb type=\u00bbfull_width\u00bb angled_section=\u00bbno\u00bb text_align=\u00bbleft\u00bb background_image_as_pattern=\u00bbwithout_pattern\u00bb][vc_column width=\u00bb1\/2&#8243;][vc_empty_space height=\u00bb40px\u00bb][vc_video link=\u00bbhttps:\/\/www.youtube.com\/watch?v=chkxpoEPnnU\u00bb el_width=\u00bb70&#8243; align=\u00bbcenter\u00bb][\/vc_column][vc_column width=\u00bb1\/2&#8243;][vc_empty_space height=\u00bb72px\u00bb][vc_column_text]<\/p>\n<p style=\"text-align: center;\">Puedes ver tambi\u00e9n la bonita historia de \u00abPadre Cielo\u00bb contada por Jennifer Rooch Naiobis<\/p>\n<p>[\/vc_column_text][vc_empty_space height=\u00bb12px\u00bb][vc_empty_space height=\u00bb12px\u00bb][\/vc_column][\/vc_row][vc_row css_animation=\u00bb\u00bb row_type=\u00bbrow\u00bb use_row_as_full_screen_section=\u00bbno\u00bb type=\u00bbfull_width\u00bb angled_section=\u00bbno\u00bb text_align=\u00bbleft\u00bb background_image_as_pattern=\u00bbwithout_pattern\u00bb][vc_column width=\u00bb1\/4&#8243;][\/vc_column][vc_column width=\u00bb1\/2&#8243;][vc_empty_space height=\u00bb40px\u00bb][vc_empty_space height=\u00bb40px\u00bb][vc_column_text]<\/p>\n<p style=\"text-align: center;\">\u00abLas Cartas de la Uni\u00f3n Sagrada\u00bb se vuelven pop: estoy contenta de compartir que aparecen en el Videoclip de\u00a0Wild Honey\u00a0\u00abHor\u00f3scopo\u00bb<br \/>\nGracias\u00a0<a class=\"profileLink\" href=\"https:\/\/www.facebook.com\/emiliano.dimola?fref=mentions\" data-hovercard=\"\/ajax\/hovercard\/user.php?id=648177216&amp;extragetparams=%7B%22fref%22%3A%22mentions%22%7D\" data-hovercard-prefer-more-content-show=\"1\">Emiliano Di Mola<\/a><\/p>\n<p>[\/vc_column_text][vc_empty_space height=\u00bb12px\u00bb][vc_video link=\u00bbhttps:\/\/www.youtube.com\/watch?v=eUEHEKZcN_c\u00bb el_width=\u00bb70&#8243; align=\u00bbcenter\u00bb][vc_empty_space height=\u00bb12px\u00bb][vc_empty_space height=\u00bb12px\u00bb][\/vc_column][vc_column width=\u00bb1\/4&#8243;][\/vc_column][\/vc_row]<\/p>\n","protected":false},"excerpt":{"rendered":"<p>[vc_row css_animation=\u00bb\u00bb row_type=\u00bbrow\u00bb use_row_as_full_screen_section=\u00bbno\u00bb type=\u00bbfull_width\u00bb angled_section=\u00bbno\u00bb text_align=\u00bbleft\u00bb background_image_as_pattern=\u00bbwithout_pattern\u00bb][vc_column width=\u00bb1\/6&#8243;][\/vc_column][vc_column width=\u00bb2\/3&#8243;][vc_empty_space][vc_column_text] CARTAS DE LA UNI\u00d3N SAGRADA [\/vc_column_text][vc_separator type=\u00bbsmall\u00bb position=\u00bbcenter\u00bb color=\u00bb#2f666b\u00bb up=\u00bb7&#8243; down=\u00bb38&#8243;][vc_empty_space][vc_column_text] \u00abTrabaj\u00e9 5 a\u00f1os en las 42 pinturas y el libro de las Cartas de la Uni\u00f3n Sagrada. Se usan como cartas de sanaci\u00f3n, desarrollan&#8230;<\/p>\n","protected":false},"author":1,"featured_media":0,"parent":0,"menu_order":0,"comment_status":"closed","ping_status":"closed","template":"","meta":{"footnotes":""},"_links":{"self":[{"href":"https:\/\/jenniferroochnaiobis.com\/index.php\/wp-json\/wp\/v2\/pages\/15579"}],"collection":[{"href":"https:\/\/jenniferroochnaiobis.com\/index.php\/wp-json\/wp\/v2\/pages"}],"about":[{"href":"https:\/\/jenniferroochnaiobis.com\/index.php\/wp-json\/wp\/v2\/types\/page"}],"author":[{"embeddable":true,"href":"https:\/\/jenniferroochnaiobis.com\/index.php\/wp-json\/wp\/v2\/users\/1"}],"replies":[{"embeddable":true,"href":"https:\/\/jenniferroochnaiobis.com\/index.php\/wp-json\/wp\/v2\/comments?post=15579"}],"version-history":[{"count":18,"href":"https:\/\/jenniferroochnaiobis.com\/index.php\/wp-json\/wp\/v2\/pages\/15579\/revisions"}],"predecessor-version":[{"id":144701,"href":"https:\/\/jenniferroochnaiobis.com\/index.php\/wp-json\/wp\/v2\/pages\/15579\/revisions\/144701"}],"wp:attachment":[{"href":"https:\/\/jenniferroochnaiobis.com\/index.php\/wp-json\/wp\/v2\/media?parent=15579"}],"curies":[{"name":"wp","href":"https:\/\/api.w.org\/{rel}","templated":true}]}}