{"id":13396,"date":"2014-03-24T10:54:51","date_gmt":"2014-03-24T10:54:51","guid":{"rendered":"http:\/\/demo.qodeinteractive.com\/bridge\/?page_id=13396"},"modified":"2018-01-07T20:20:51","modified_gmt":"2018-01-07T20:20:51","slug":"soy","status":"publish","type":"page","link":"https:\/\/jenniferroochnaiobis.com\/index.php\/soy\/","title":{"rendered":"Soy"},"content":{"rendered":"<p>[vc_row css_animation=\u00bb\u00bb row_type=\u00bbrow\u00bb use_row_as_full_screen_section=\u00bbno\u00bb type=\u00bbgrid\u00bb angled_section=\u00bbno\u00bb text_align=\u00bbleft\u00bb background_image_as_pattern=\u00bbwithout_pattern\u00bb background_color=\u00bb#ffffff\u00bb padding_top=\u00bb87&#8243; padding_bottom=\u00bb0&#8243;][vc_column][vc_row_inner row_type=\u00bbrow\u00bb type=\u00bbfull_width\u00bb text_align=\u00bbleft\u00bb css_animation=\u00bb\u00bb][vc_column_inner width=\u00bb2\/3&#8243;][vc_column_text]<\/p>\n<h2 style=\"text-align: center;\">SOY<\/h2>\n<p>[\/vc_column_text][vc_separator type=\u00bbsmall\u00bb position=\u00bbcenter\u00bb color=\u00bb#3f888f\u00bb up=\u00bb7&#8243; down=\u00bb38&#8243;][vc_column_text]<\/p>\n<p style=\"text-align: center;\">Nac\u00ed el 01.05.1974. Soy artista y buscadora de conciencia. Caminante entre los mundos.<\/p>\n<p>[\/vc_column_text][vc_empty_space height=\u00bb12px\u00bb][vc_column_text]<\/p>\n<p style=\"text-align: center;\">Todo lo que he encontrado en mis b\u00fasquedas es que hay solamente un camino que vale la pena ser andado: el camino del amor.<\/p>\n<p>[\/vc_column_text][vc_empty_space height=\u00bb12px\u00bb][vc_column_text]<\/p>\n<p style=\"text-align: center;\">Porque Dios es amor.<\/p>\n<p>[\/vc_column_text][vc_column_text]<\/p>\n<p style=\"text-align: center;\">Toda la existencia es amor.<\/p>\n<p>[\/vc_column_text][\/vc_column_inner][vc_column_inner width=\u00bb1\/3&#8243;][vc_separator type=\u00bbtransparent\u00bb up=\u00bb1&#8243; down=\u00bb0&#8243;][vc_single_image image=\u00bb15596&#8243; img_size=\u00bbmedium\u00bb qode_css_animation=\u00bb\u00bb][vc_empty_space][vc_empty_space][vc_separator type=\u00bbtransparent\u00bb up=\u00bb1&#8243; down=\u00bb0&#8243;][\/vc_column_inner][\/vc_row_inner][vc_empty_space][vc_column_text]<\/p>\n<p style=\"text-align: justify;\">\u201cSoy artista visionaria. Pinto mis visiones y lo que me mueve interiormente. Muchos artistas se sienten satisfechos con pintar lo que ven, muchos artistas tienen \u00e9pocas de \u2018poca inspiraci\u00f3n\u2019, yo no. Tengo la teor\u00eda de que a los artistas les falta inspiraci\u00f3n porque \u2018no ven nada que les inspira\u2019: el artista necesita la musa y el artista es la musa. Pinto lo que siento, lo que surge de mi interior, pinto como veo el mundo y uso t\u00e9cnicas de meditaci\u00f3n, relajaci\u00f3n y estados elevados de conciencia para conectar con lo que se precisa para expresar. Creo que hoy en d\u00eda es muy necesario conectar con un arte mas all\u00e1 de lo decorativo y\/o realista. Creo que es importante que el artista vuelve a ser mensajero. Antes los artistas eran los curanderos del pueblo. Yo tengo esta misi\u00f3n y s\u00e9 c\u00f3mo hacerlo. Escuelas como \u2018The Vienna Academy of Visionary Arts\u2019 y artistas como Alex Grey y Amanda Sage usan estas t\u00e9cnicas. En California y \u00c1msterdam el Arte Visionario est\u00e1 teniendo un \u00e9xito enorme, en Barcelona a\u00fan falta este nuevo movimiento y creo que soy la persona para cambiar esto.\u00bb<\/p>\n<p>[\/vc_column_text][vc_empty_space][\/vc_column][\/vc_row][vc_row css_animation=\u00bb\u00bb row_type=\u00bbrow\u00bb use_row_as_full_screen_section=\u00bbno\u00bb type=\u00bbgrid\u00bb angled_section=\u00bbno\u00bb text_align=\u00bbleft\u00bb background_image_as_pattern=\u00bbwithout_pattern\u00bb background_color=\u00bb#ffffff\u00bb padding_top=\u00bb87&#8243; padding_bottom=\u00bb0&#8243;][vc_column width=\u00bb1\/4&#8243;][vc_single_image image=\u00bb16664&#8243; img_size=\u00bb250&#215;250&#8243; qode_css_animation=\u00bb\u00bb][\/vc_column][vc_column width=\u00bb3\/4&#8243;][vc_column_text]<\/p>\n<h2 style=\"text-align: center;\">DICEN DE MI<\/h2>\n<p>[\/vc_column_text][vc_empty_space height=\u00bb12px\u00bb][vc_separator type=\u00bbsmall\u00bb position=\u00bbcenter\u00bb color=\u00bb#3f888f\u00bb up=\u00bb7&#8243; down=\u00bb38&#8243;][vc_column_text]<\/p>\n<h4 style=\"text-align: center;\">\u201c&#8230; Sus pinturas siempre tienen un car\u00e1cter espiritual y un mensaje, ella define sus obras como curativas, para ella y para los dem\u00e1s. \u201c(Entrevista 2016)<\/h4>\n<p>[\/vc_column_text][\/vc_column][\/vc_row][vc_row css_animation=\u00bb\u00bb row_type=\u00bbrow\u00bb use_row_as_full_screen_section=\u00bbno\u00bb type=\u00bbgrid\u00bb angled_section=\u00bbno\u00bb text_align=\u00bbleft\u00bb background_image_as_pattern=\u00bbwithout_pattern\u00bb background_color=\u00bb#ffffff\u00bb padding_top=\u00bb87&#8243; padding_bottom=\u00bb0&#8243;][vc_column][vc_separator type=\u00bbsmall\u00bb position=\u00bbcenter\u00bb color=\u00bb#3f888f\u00bb up=\u00bb7&#8243; down=\u00bb38&#8243;][vc_column_text]<\/p>\n<h4 style=\"text-align: center;\">Jennifer Rooch Naiobis es una Pintora Alemana que vive nuevamente en Vilassar de Mar, Barcelona. Formada art\u00edsticamente en Inglaterra, ha trabajado anteriormente en direcci\u00f3n de arte en Barcelona, antes de afincarse en los campos de Vejer de la Frontera (Andaluc\u00eda), desde donde ha creado sus proyectos \u201cLas Cartas de la Uni\u00f3n Sagrada\u201dy el calendario \u201cTiempo Adentro\u201d, extraordinarias pinturas llenas de simbolog\u00edas y diferentes culturas.<br \/>\nComo la propia artista define, su estilo, el arte visionario, viene de las mujeres y los hombres medicina y las tribus ind\u00edgenas. Antes el chaman era el artista de la tribu, hoy el arte ha degradado generalmente en algo puramente decorativo o est\u00e9tico\u2026<\/h4>\n<h4 style=\"text-align: center;\">\u00a1Su arte no dejar\u00e1 indiferente a nadie que lo vea!<\/h4>\n<p>[\/vc_column_text][vc_separator type=\u00bbtransparent\u00bb up=\u00bb35&#8243; down=\u00bb17&#8243;][vc_separator type=\u00bbsmall\u00bb position=\u00bbcenter\u00bb color=\u00bb#3f888f\u00bb up=\u00bb7&#8243; down=\u00bb38&#8243;][vc_column_text]<\/p>\n<div align=\"justify\">\n<p><strong>Comenc\u00e9 a pintar con 12 a\u00f1os&#8230;<\/strong><\/p>\n<p>&nbsp;<\/p>\n<ul>\n<li style=\"list-style-type: none;\">\n<ul>\n<li>1997: Degree of Arts and Visual Comunication. University of Central England (UCE). Inglaterra.<\/li>\n<li>1997 &#8211; 2002: Trabajando con varios artistas y estudios de dise\u00f1o en Barcelona y Nueva York.<br \/>\n(Entre otros \u2018Grafica\u2019, Estudio Rosa L\u00e1zaro, Peret.)<\/li>\n<li>2002-2017: 2002 Tuve mi primer hijo, 2007 naci\u00f3 mi hija, y en este periodo me mud\u00e9 a Francia y poco despu\u00e9s a Andaluc\u00eda, donde cambi\u00f3 mi vida dr\u00e1sticamente; volv\u00ed a la pintura y en 2007 comenc\u00e9 un proyecto que tard\u00e9 5 a\u00f1os en realizar:<\/li>\n<li>2007-2012: Trabaj\u00e9 5 a\u00f1os en las 42 pinturas de las Cartas de la Uni\u00f3n Sagrada que son cartas que trabajan la intuici\u00f3n y la sanaci\u00f3n y van acompa\u00f1adas de un libro de 135 p\u00e1ginas, y una versi\u00f3n corta de 35 (puedes descargarlos <strong><a href=\"https:\/\/jenniferroochnaiobis.com\/index.php\/libro\/\">AQU\u00cd<\/a><\/strong>)<\/li>\n<li>2013- 2015: Pint\u00e9 el Calendario Tiempo Adentro en un tiempo de 2 a\u00f1os, 12 pinturas que trabajan el tiempo interno del a\u00f1o.<\/li>\n<li>2015-2017: Estoy en la segunda edici\u00f3n de las Cartas de la Uni\u00f3n Sagrada, tengo testimonios de todo el mundo que me muestran el \u00e9xito que tienen tanto las cartas como el calendario. Estoy creando un proyecto de Arte llamado \u2018Gritos de la Gran Madre\u2019, un colectivo de artistas para despertar conciencia.<\/li>\n<li>Idiomas: Espa\u00f1ol, Alem\u00e1n, Ingles, Franc\u00e9s<\/li>\n<\/ul>\n<\/li>\n<\/ul>\n<p>&nbsp;<\/p>\n<p><strong>&#8230;En esta web os quiero mostrar unos ejemplos de estos trabajos<\/strong><\/p>\n<\/div>\n<p>[\/vc_column_text][vc_empty_space][vc_empty_space][vc_empty_space][vc_empty_space][\/vc_column][\/vc_row][vc_row css_animation=\u00bb\u00bb row_type=\u00bbrow\u00bb use_row_as_full_screen_section=\u00bbno\u00bb type=\u00bbfull_width\u00bb angled_section=\u00bbno\u00bb text_align=\u00bbleft\u00bb background_image_as_pattern=\u00bbwithout_pattern\u00bb][vc_column]<div class=\"call_to_action normal\" style=\"background-color: #2f666b;\"><div class=\"container_inner\"><div class=\"two_columns_75_25 clearfix\"><div class=\"text_wrapper column1\"><div class=\"call_to_action_text \" style=\"\">\n<h4><span style=\"color: #ffffff;\">Si quieres saber algo m\u00e1s&#8230; \u00a1Aqu\u00ed estoy!<\/span><\/h4>\n<\/div><\/div><div class=\"button_wrapper column2\"><a itemprop=\"url\" href=\"https:\/\/jenniferroochnaiobis.com\/index.php\/contact-2\/\" class=\"qbutton white \" target=\"_self\" style=\"color: #2f666b;border-color: #ffffff;\"data-hover-background-color=#0c2752 data-hover-border-color=#ffffff data-hover-color=#a2a2a2>CONTACTA<\/a><\/div><\/div><\/div><\/div>[\/vc_column][\/vc_row]<\/p>\n","protected":false},"excerpt":{"rendered":"<p>[vc_row css_animation=\u00bb\u00bb row_type=\u00bbrow\u00bb use_row_as_full_screen_section=\u00bbno\u00bb type=\u00bbgrid\u00bb angled_section=\u00bbno\u00bb text_align=\u00bbleft\u00bb background_image_as_pattern=\u00bbwithout_pattern\u00bb background_color=\u00bb#ffffff\u00bb padding_top=\u00bb87&#8243; padding_bottom=\u00bb0&#8243;][vc_column][vc_row_inner row_type=\u00bbrow\u00bb type=\u00bbfull_width\u00bb text_align=\u00bbleft\u00bb css_animation=\u00bb\u00bb][vc_column_inner width=\u00bb2\/3&#8243;][vc_column_text] SOY [\/vc_column_text][vc_separator type=\u00bbsmall\u00bb position=\u00bbcenter\u00bb color=\u00bb#3f888f\u00bb up=\u00bb7&#8243; down=\u00bb38&#8243;][vc_column_text] Nac\u00ed el 01.05.1974. Soy artista y buscadora de conciencia. Caminante entre los mundos. [\/vc_column_text][vc_empty_space height=\u00bb12px\u00bb][vc_column_text] Todo lo que he encontrado en mis&#8230;<\/p>\n","protected":false},"author":1,"featured_media":0,"parent":0,"menu_order":0,"comment_status":"open","ping_status":"open","template":"","meta":{"footnotes":""},"_links":{"self":[{"href":"https:\/\/jenniferroochnaiobis.com\/index.php\/wp-json\/wp\/v2\/pages\/13396"}],"collection":[{"href":"https:\/\/jenniferroochnaiobis.com\/index.php\/wp-json\/wp\/v2\/pages"}],"about":[{"href":"https:\/\/jenniferroochnaiobis.com\/index.php\/wp-json\/wp\/v2\/types\/page"}],"author":[{"embeddable":true,"href":"https:\/\/jenniferroochnaiobis.com\/index.php\/wp-json\/wp\/v2\/users\/1"}],"replies":[{"embeddable":true,"href":"https:\/\/jenniferroochnaiobis.com\/index.php\/wp-json\/wp\/v2\/comments?post=13396"}],"version-history":[{"count":2,"href":"https:\/\/jenniferroochnaiobis.com\/index.php\/wp-json\/wp\/v2\/pages\/13396\/revisions"}],"predecessor-version":[{"id":16667,"href":"https:\/\/jenniferroochnaiobis.com\/index.php\/wp-json\/wp\/v2\/pages\/13396\/revisions\/16667"}],"wp:attachment":[{"href":"https:\/\/jenniferroochnaiobis.com\/index.php\/wp-json\/wp\/v2\/media?parent=13396"}],"curies":[{"name":"wp","href":"https:\/\/api.w.org\/{rel}","templated":true}]}}